{"id":674,"date":"2024-01-31T22:27:41","date_gmt":"2024-01-31T22:27:41","guid":{"rendered":"https:\/\/aarded.ee\/product\/alar-paaro-painting\/"},"modified":"2024-01-31T22:27:41","modified_gmt":"2024-01-31T22:27:41","slug":"alar-paaro-painting","status":"publish","type":"product","link":"https:\/\/aarded.ee\/en\/product\/alar-paaro-painting\/","title":{"rendered":"Alar P\u00e4\u00e4ro painting"},"content":{"rendered":"","protected":false},"excerpt":{"rendered":"<p>Alar P\u00e4\u00e4ro, oil, canvas, 90&#215;80<\/p>\n","protected":false},"featured_media":539,"comment_status":"open","ping_status":"closed","template":"","meta":[],"product_cat":[48],"product_tag":[],"_links":{"self":[{"href":"https:\/\/aarded.ee\/en\/wp-json\/wp\/v2\/product\/674"}],"collection":[{"href":"https:\/\/aarded.ee\/en\/wp-json\/wp\/v2\/product"}],"about":[{"href":"https:\/\/aarded.ee\/en\/wp-json\/wp\/v2\/types\/product"}],"replies":[{"embeddable":true,"href":"https:\/\/aarded.ee\/en\/wp-json\/wp\/v2\/comments?post=674"}],"wp:featuredmedia":[{"embeddable":true,"href":"https:\/\/aarded.ee\/en\/wp-json\/wp\/v2\/media\/539"}],"wp:attachment":[{"href":"https:\/\/aarded.ee\/en\/wp-json\/wp\/v2\/media?parent=674"}],"wp:term":[{"taxonomy":"product_cat","embeddable":true,"href":"https:\/\/aarded.ee\/en\/wp-json\/wp\/v2\/product_cat?post=674"},{"taxonomy":"product_tag","embeddable":true,"href":"https:\/\/aarded.ee\/en\/wp-json\/wp\/v2\/product_tag?post=674"}],"curies":[{"name":"wp","href":"https:\/\/api.w.org\/{rel}","templated":true}]}}